{"id":262236,"date":"2024-01-10T09:54:25","date_gmt":"2024-01-10T14:54:25","guid":{"rendered":"https:\/\/www.solidxperts.com\/fulfillment-policy\/"},"modified":"2026-03-13T10:10:17","modified_gmt":"2026-03-13T14:10:17","slug":"politique-de-mise-en-oeuvre","status":"publish","type":"page","link":"https:\/\/www.solidxperts.com\/fr\/politique-de-mise-en-oeuvre\/","title":{"rendered":"Politique de Mise en Oeuvre"},"content":{"rendered":"<p>[vc_row full_width=\u00a0\u00bbstretch_row_content_no_spaces\u00a0\u00bb el_class=\u00a0\u00bbpd-1 product-detail-header pd-policy\u00a0\u00bb][vc_column][vc_row_inner el_class=\u00a0\u00bbinner container container-center\u00a0\u00bb][vc_column_inner][vc_column_text el_class=\u00a0\u00bbtitle\u00a0\u00bb]<\/p>\n<h1>POLITIQUE DE MISE EN OEUVRE<\/h1>\n<p>[\/vc_column_text][vc_column_text el_class=\u00a0\u00bbdetails\u00a0\u00bb]SolidXperts, Inc. Politique de Mise en Oeuvre[\/vc_column_text][\/vc_column_inner][\/vc_row_inner][vc_single_image img_size=\u00a0\u00bb\u00a0\u00bb el_class=\u00a0\u00bbbg\u00a0\u00bb css=\u00a0\u00bb.vc_custom_1633095666196{background-image: url(https:\/\/www.solidxperts.com\/wp-content\/uploads\/2021\/09\/GettyImages-resize.jpg?id=629) !important;background-position: center !important;background-repeat: no-repeat !important;background-size: cover !important;}\u00a0\u00bb][\/vc_column][\/vc_row][vc_row el_class=\u00a0\u00bbpolicy\u00a0\u00bb][vc_column][vc_row_inner el_class=\u00a0\u00bbcontainer container-center\u00a0\u00bb][vc_column_inner][vc_column_text el_class=\u00a0\u00bbdetails\u00a0\u00bb]<\/p>\n<div class=\"renderer-heading-wrapper css-4zleql\" data-testid=\"renderer-heading-wrapper\" data-level=\"3\">\n<p id=\"1.-Conditions-g\u00e9n\u00e9rales\" data-local-id=\"788e1616-47af-43da-ac58-9e8d35b047cc\" data-renderer-start-pos=\"85\"><strong>1. Conditions g\u00e9n\u00e9rales<\/strong><br \/>\nTous les prix indiqu\u00e9s dans la soumission sont exprim\u00e9s dans la devise qui y est mentionn\u00e9e, et les taxes applicables n\u2019y sont pas incluses. Les modalit\u00e9s et conditions \u00e9nonc\u00e9es dans la soumission et ses annexes pr\u00e9valent sur toute autre communication ou tout autre document contradictoire fourni par le client. De plus, tout escompte ou rabais accord\u00e9 est conditionnel au respect int\u00e9gral des conditions sp\u00e9cifi\u00e9es dans la soumission.<\/p>\n<p id=\"2.-Modalit\u00e9s-de-paiement\" data-local-id=\"8fef1a1b-bd60-40c8-97f6-1bbe30f33bc2\" data-renderer-start-pos=\"547\"><strong>2. Modalit\u00e9s de paiement<\/strong><br \/>\nLes licences logicielles et les contrats de maintenance sont payables selon les modalit\u00e9s pr\u00e9cis\u00e9es dans la soumission. Les services \u2014 incluant la formation, la consultation ou l\u2019utilisation d\u2019une banque d\u2019heures de service \u2014 doivent \u00eatre pay\u00e9s en totalit\u00e9 avant la prestation, sauf indication contraire dans l\u2019\u00e9nonc\u00e9 de travail (Statement of Work \u2013 SOW). L\u2019inscription \u00e0 une formation est consid\u00e9r\u00e9e comme confirm\u00e9e d\u00e8s la r\u00e9ception du paiement complet.<\/p>\n<p id=\"3.-Logiciels,-licences-et-maintenance\" data-local-id=\"aa0a8180-8416-4cec-a830-4f03d276c040\" data-renderer-start-pos=\"1029\"><strong>3. Logiciels, licences et maintenance<\/strong><br \/>\nLes contrats de logiciels et de maintenance donnent droit aux mises \u00e0 jour logicielles fournies par l\u2019\u00e9diteur ainsi qu\u2019au support technique \u00e0 distance assur\u00e9 par le fabricant et par Solidxperts, disponible par t\u00e9l\u00e9phone et par Internet. Ces contrats n\u2019incluent pas la formation, la consultation, la personnalisation de produit ni les visites sur site. Sauf indication contraire, les contrats de maintenance prennent effet \u00e0 la date d\u2019achat du logiciel.<br \/>\nPour les produits SOLIDWORKS, toute licence arriv\u00e9e \u00e0 \u00e9ch\u00e9ance doit \u00eatre r\u00e9troactivement r\u00e9activ\u00e9e en payant les frais de maintenance couvrant jusqu\u2019\u00e0 36 mois d\u2019inactivit\u00e9, plus une ann\u00e9e compl\u00e8te \u00e0 venir. Depuis le 1er juillet 2023, toutes les nouvelles licences, les contrats r\u00e9activ\u00e9s, les mises \u00e0 niveau ou r\u00e9trogradations doivent inclure les services Cloud (Cloud Services). Cette r\u00e8gle s\u2019applique uniquement aux licences commerciales. Les licences peuvent \u00eatre maintenues dans leur \u00e9tat actuel tant qu\u2019elles demeurent sous maintenance active. Pour les autres licences de partenaires, des frais peuvent \u00eatre exig\u00e9s pour r\u00e9activer la maintenance.<\/p>\n<p id=\"4.-Conditions-relatives-au-mat\u00e9riel\" data-local-id=\"72337748-ee5f-4179-931d-80b1a6e7c31f\" data-renderer-start-pos=\"2174\"><strong>4. Conditions relatives au mat\u00e9riel<\/strong><br \/>\nTous les achats de mat\u00e9riel informatique \u2014 tels que les ordinateurs, moniteurs ou p\u00e9riph\u00e9riques \u2014 ou d\u2019imprimantes 3D, de consommables ou de num\u00e9riseurs (scanners) sont finaux. Aucun retour n\u2019est accept\u00e9 sans autorisation pr\u00e9alable du fabricant. Seuls les produits d\u00e9fectueux signal\u00e9s au moment de la livraison peuvent \u00eatre \u00e9chang\u00e9s. Le support technique et les garanties applicables sont fournis exclusivement par le fabricant, conform\u00e9ment \u00e0 ses propres conditions. Toute alt\u00e9ration, modification, utilisation d\u2019un mat\u00e9riau non approuv\u00e9 ou personnalisation effectu\u00e9e par le client sur le mat\u00e9riel annule imm\u00e9diatement la garantie du fabricant et lib\u00e8re Solidxperts de toute obligation de support y aff\u00e9rente.<\/p>\n<p id=\"5.-Annulation-de-commandes\" data-local-id=\"cbac235c-460d-4432-9340-1bd3a452c7c3\" data-renderer-start-pos=\"2923\"><strong>5. Annulation de commandes<\/strong>Toute commande de logiciels, de maintenance ou de mat\u00e9riel transmise au fournisseur est finale et non remboursable.<br \/>\nLes annulations de formations doivent \u00eatre soumises par \u00e9crit. Si la demande est re\u00e7ue au moins six (6) jours ouvrables avant la date pr\u00e9vue de la formation, 85 % des frais d\u2019inscription seront rembours\u00e9s. Si la demande est re\u00e7ue cinq (5) jours ouvrables ou moins avant la date de la formation, 50 % seront rembours\u00e9s. Aucun remboursement ne sera accord\u00e9 en cas d\u2019absence sans pr\u00e9avis. Si Solidxperts annule ou reporte une formation, sa responsabilit\u00e9 se limite strictement \u00e0 rembourser le prix de la formation initialement pay\u00e9 par le client.<br \/>\nLes annulations de commandes de services doivent \u00e9galement \u00eatre soumises par \u00e9crit. Des frais administratifs de 15 % seront factur\u00e9s. Les services d\u00e9j\u00e0 rendus ne sont pas remboursables. En cas de force majeure, Solidxperts se r\u00e9serve le droit d\u2019annuler ou de replanifier les services sans p\u00e9nalit\u00e9. Cependant, les heures d\u00e9j\u00e0 r\u00e9alis\u00e9es demeurent facturables.<\/p>\n<p id=\"6.-Validit\u00e9-des-banques-d\u2019heures-de-service\" data-local-id=\"37b06722-064b-4909-97cd-b8809e812a1c\" data-renderer-start-pos=\"3973\"><strong>6. Validit\u00e9 des banques d\u2019heures de service<\/strong><br \/>\nLes heures de service achet\u00e9es peuvent \u00eatre utilis\u00e9es pour divers services, tels que l\u2019analyse des besoins, la programmation, la v\u00e9rification technique ou la formation individuelle (un \u00e0 un). Si un solde demeure inutilis\u00e9 \u00e0 la fin du projet, il peut \u00eatre appliqu\u00e9 uniquement \u00e0 un autre achat de services. Le solde restant peut faire l\u2019objet d\u2019un ajustement du taux horaire si les tarifs de Solidxperts ont chang\u00e9 depuis l\u2019achat initial. Lorsque les services sont fournis \u00e0 l\u2019ext\u00e9rieur des bureaux de Solidxperts, les frais de d\u00e9placement et d\u2019h\u00e9bergement sont factur\u00e9s en sus.<\/p>\n<p id=\"7.-D\u00e9placements-et-services-sur-site\" data-local-id=\"c5723be4-8cc6-49d0-a4cd-8e2679c92130\" data-renderer-start-pos=\"4596\"><strong>7. D\u00e9placements et services sur site<\/strong><br \/>\nSauf indication contraire, les services sont fournis dans la langue choisie par le client et ont lieu dans l\u2019un des emplacements d\u00e9sign\u00e9s par Solidxperts. Si les services sont fournis sur site, les frais de d\u00e9placement, d\u2019h\u00e9bergement, de repas et les d\u00e9penses connexes seront factur\u00e9s s\u00e9par\u00e9ment. En cas de changement d\u2019horaire, Solidxperts informera le client d\u00e8s que possible, mais n\u2019assume aucune responsabilit\u00e9 pour les co\u00fbts engag\u00e9s en cons\u00e9quence.<\/p>\n<p id=\"8.-Responsabilit\u00e9s-du-client\" data-local-id=\"8ad2d3c2-f21a-492f-91f2-3f34b1a4a52c\" data-renderer-start-pos=\"5089\"><strong>8. Responsabilit\u00e9s du client<\/strong><br \/>\nLe client est responsable de s\u2019assurer que son environnement informatique respecte les exigences minimales du syst\u00e8me \u00e9tablies par le fabricant du logiciel. Solidxperts d\u00e9cline toute responsabilit\u00e9 si l\u2019infrastructure du client n\u2019est pas conforme ou si une \u00e9valuation de compatibilit\u00e9 a \u00e9t\u00e9 incorrectement r\u00e9alis\u00e9e par le client.<\/p>\n<p id=\"9.-Limitation-de-responsabilit\u00e9\" data-local-id=\"7377520b-cc0a-41a4-8062-4ec0bcd9afb2\" data-renderer-start-pos=\"5450\"><strong>9. Limitation de responsabilit\u00e9<\/strong><br \/>\nSauf indication contraire dans un \u00e9nonc\u00e9 de travail (Statement of Work \u2013 SOW), la responsabilit\u00e9 de Solidxperts est strictement limit\u00e9e au montant total pay\u00e9 par le client pour le produit ou le service sp\u00e9cifique \u00e0 l\u2019origine de la r\u00e9clamation.<br \/>\nEn aucun cas Solidxperts ne pourra \u00eatre tenue responsable de tout dommage indirect, accessoire, sp\u00e9cial, punitif ou cons\u00e9cutif, incluant, sans s\u2019y limiter, la perte de donn\u00e9es, la perte de productivit\u00e9, la perte d\u2019affaires ou la perte de profits, m\u00eame si Solidxperts a \u00e9t\u00e9 avis\u00e9e de la possibilit\u00e9 de tels dommages.<br \/>\nPour les projets \u00e0 long terme ou les mandats n\u00e9cessitant un SOW, toutes les conditions de service applicables, responsabilit\u00e9s, limitations et garanties sont d\u00e9finies dans le SOW et pr\u00e9valent sur les pr\u00e9sentes modalit\u00e9s.<\/p>\n<p id=\"10.-Exp\u00e9dition\" data-local-id=\"9d7375da916b\" data-renderer-start-pos=\"6269\"><strong>10. Exp\u00e9dition<\/strong><br \/>\nL\u2019exp\u00e9dition de tous les articles en stock s\u2019effectue dans les 48 heures suivant la r\u00e9ception de la commande, lorsque possible. Les articles non stock\u00e9s sont command\u00e9s rapidement apr\u00e8s r\u00e9ception, et la livraison d\u00e9pend du fabricant. Un d\u00e9lai approximatif sera fourni si disponible.<br \/>\nLes frais d\u2019exp\u00e9dition seront factur\u00e9s au client. Celui-ci peut demander \u00e0 ce qu\u2019ils soient port\u00e9s \u00e0 son compte direct si possible. SolidXperts ne peut le garantir mais fera tout son possible dans ce cas.<\/p>\n<\/div>\n<p>[\/vc_column_text][\/vc_column_inner][\/vc_row_inner][\/vc_column][\/vc_row][vc_row][vc_column][vc_column_text]<\/p>\n<p>[\/vc_column_text][\/vc_column][\/vc_row]<\/p>\n","protected":false},"excerpt":{"rendered":"<p>[vc_row full_width=\u00a0\u00bbstretch_row_content_no_spaces\u00a0\u00bb el_class=\u00a0\u00bbpd-1 product-detail-header pd-policy\u00a0\u00bb][vc_column][vc_row_inner el_class=\u00a0\u00bbinner container container-center\u00a0\u00bb][vc_column_inner][vc_column_text el_class=\u00a0\u00bbtitle\u00a0\u00bb] POLITIQUE DE MISE EN OEUVRE [\/vc_column_text][vc_column_text el_class=\u00a0\u00bbdetails\u00a0\u00bb]SolidXperts, Inc. Politique de Mise en Oeuvre[\/vc_column_text][\/vc_column_inner][\/vc_row_inner][vc_single_image img_size=\u00a0\u00bb\u00a0\u00bb el_class=\u00a0\u00bbbg\u00a0\u00bb css=\u00a0\u00bb.vc_custom_1633095666196{background-image: url(https:\/\/www.solidxperts.com\/wp-content\/uploads\/2021\/09\/GettyImages-resize.jpg?id=629) !important;background-position: center !important;background-repeat: no-repeat !important;background-size: cover !important;}\u00a0\u00bb][\/vc_column][\/vc_row][vc_row el_class=\u00a0\u00bbpolicy\u00a0\u00bb][vc_column][vc_row_inner el_class=\u00a0\u00bbcontainer container-center\u00a0\u00bb][vc_column_inner][vc_column_text el_class=\u00a0\u00bbdetails\u00a0\u00bb] 1. Conditions g\u00e9n\u00e9rales Tous les prix indiqu\u00e9s dans la soumission sont exprim\u00e9s dans la devise qui y est [&hellip;]<\/p>\n","protected":false},"author":9,"featured_media":8302,"parent":0,"menu_order":0,"comment_status":"closed","ping_status":"closed","template":"template-parts\/temp-career.php","meta":{"content-type":"","footnotes":""},"class_list":["post-262236","page","type-page","status-publish","has-post-thumbnail","hentry"],"yoast_head":"<!-- This site is optimized with the Yoast SEO plugin v27.0 - https:\/\/yoast.com\/product\/yoast-seo-wordpress\/ -->\n<title>Politique de Mise en Oeuvre - Solidxperts<\/title>\n<meta name=\"description\" content=\"Consultez notre politique de service pour tout savoir sur les commandes, livraisons et supports offerts par Solidxperts.\" \/>\n<meta name=\"robots\" content=\"noindex, nofollow\" \/>\n<meta property=\"og:locale\" content=\"fr_FR\" \/>\n<meta property=\"og:type\" content=\"article\" \/>\n<meta property=\"og:title\" content=\"Politique de Mise en Oeuvre - Solidxperts\" \/>\n<meta property=\"og:description\" content=\"Consultez notre politique de service pour tout savoir sur les commandes, livraisons et supports offerts par Solidxperts.\" \/>\n<meta property=\"og:url\" content=\"https:\/\/www.solidxperts.com\/fr\/politique-de-mise-en-oeuvre\/\" \/>\n<meta property=\"og:site_name\" content=\"Solidxperts\" \/>\n<meta property=\"article:publisher\" content=\"https:\/\/www.facebook.com\/solidxperts\" \/>\n<meta property=\"article:modified_time\" content=\"2026-03-13T14:10:17+00:00\" \/>\n<meta property=\"og:image\" content=\"https:\/\/www.solidxperts.com\/wp-content\/uploads\/2022\/03\/brooke-cagle-WHWYBmtn3_0-unsplash-scaled.jpg\" \/>\n\t<meta property=\"og:image:width\" content=\"2560\" \/>\n\t<meta property=\"og:image:height\" content=\"1707\" \/>\n\t<meta property=\"og:image:type\" content=\"image\/jpeg\" \/>\n<meta name=\"twitter:card\" content=\"summary_large_image\" \/>\n<meta name=\"twitter:site\" content=\"@solidxperts\" \/>\n<meta name=\"twitter:label1\" content=\"Est. reading time\" \/>\n\t<meta name=\"twitter:data1\" content=\"5 minutes\" \/>\n<script type=\"application\/ld+json\" class=\"yoast-schema-graph\">{\"@context\":\"https:\/\/schema.org\",\"@graph\":[{\"@type\":\"WebPage\",\"@id\":\"https:\/\/www.solidxperts.com\/fr\/politique-de-mise-en-oeuvre\/\",\"url\":\"https:\/\/www.solidxperts.com\/fr\/politique-de-mise-en-oeuvre\/\",\"name\":\"Politique de Mise en Oeuvre - Solidxperts\",\"isPartOf\":{\"@id\":\"https:\/\/www.solidxperts.com\/fr\/#website\"},\"primaryImageOfPage\":{\"@id\":\"https:\/\/www.solidxperts.com\/fr\/politique-de-mise-en-oeuvre\/#primaryimage\"},\"image\":{\"@id\":\"https:\/\/www.solidxperts.com\/fr\/politique-de-mise-en-oeuvre\/#primaryimage\"},\"thumbnailUrl\":\"https:\/\/www.solidxperts.com\/wp-content\/uploads\/2022\/03\/brooke-cagle-WHWYBmtn3_0-unsplash-scaled.jpg\",\"datePublished\":\"2024-01-10T14:54:25+00:00\",\"dateModified\":\"2026-03-13T14:10:17+00:00\",\"description\":\"Consultez notre politique de service pour tout savoir sur les commandes, livraisons et supports offerts par Solidxperts.\",\"breadcrumb\":{\"@id\":\"https:\/\/www.solidxperts.com\/fr\/politique-de-mise-en-oeuvre\/#breadcrumb\"},\"inLanguage\":\"fr-FR\",\"potentialAction\":[{\"@type\":\"ReadAction\",\"target\":[\"https:\/\/www.solidxperts.com\/fr\/politique-de-mise-en-oeuvre\/\"]}]},{\"@type\":\"ImageObject\",\"inLanguage\":\"fr-FR\",\"@id\":\"https:\/\/www.solidxperts.com\/fr\/politique-de-mise-en-oeuvre\/#primaryimage\",\"url\":\"https:\/\/www.solidxperts.com\/wp-content\/uploads\/2022\/03\/brooke-cagle-WHWYBmtn3_0-unsplash-scaled.jpg\",\"contentUrl\":\"https:\/\/www.solidxperts.com\/wp-content\/uploads\/2022\/03\/brooke-cagle-WHWYBmtn3_0-unsplash-scaled.jpg\",\"width\":2560,\"height\":1707},{\"@type\":\"BreadcrumbList\",\"@id\":\"https:\/\/www.solidxperts.com\/fr\/politique-de-mise-en-oeuvre\/#breadcrumb\",\"itemListElement\":[{\"@type\":\"ListItem\",\"position\":1,\"name\":\"Home\",\"item\":\"https:\/\/www.solidxperts.com\/fr\/\"},{\"@type\":\"ListItem\",\"position\":2,\"name\":\"Politique de Mise en Oeuvre\"}]},{\"@type\":\"WebSite\",\"@id\":\"https:\/\/www.solidxperts.com\/fr\/#website\",\"url\":\"https:\/\/www.solidxperts.com\/fr\/\",\"name\":\"Solidxperts\",\"description\":\"SolidXperts | 3D Software &amp; Printing Solutions\",\"publisher\":{\"@id\":\"https:\/\/www.solidxperts.com\/fr\/#organization\"},\"potentialAction\":[{\"@type\":\"SearchAction\",\"target\":{\"@type\":\"EntryPoint\",\"urlTemplate\":\"https:\/\/www.solidxperts.com\/fr\/?s={search_term_string}\"},\"query-input\":{\"@type\":\"PropertyValueSpecification\",\"valueRequired\":true,\"valueName\":\"search_term_string\"}}],\"inLanguage\":\"fr-FR\"},{\"@type\":\"Organization\",\"@id\":\"https:\/\/www.solidxperts.com\/fr\/#organization\",\"name\":\"SolidXperts\",\"url\":\"https:\/\/www.solidxperts.com\/fr\/\",\"logo\":{\"@type\":\"ImageObject\",\"inLanguage\":\"fr-FR\",\"@id\":\"https:\/\/www.solidxperts.com\/fr\/#\/schema\/logo\/image\/\",\"url\":\"\",\"contentUrl\":\"\",\"caption\":\"SolidXperts\"},\"image\":{\"@id\":\"https:\/\/www.solidxperts.com\/fr\/#\/schema\/logo\/image\/\"},\"sameAs\":[\"https:\/\/www.facebook.com\/solidxperts\",\"https:\/\/x.com\/solidxperts\",\"https:\/\/www.linkedin.com\/company\/solidxperts\/\"]}]}<\/script>\n<!-- \/ Yoast SEO plugin. -->","yoast_head_json":{"title":"Politique de Mise en Oeuvre - Solidxperts","description":"Consultez notre politique de service pour tout savoir sur les commandes, livraisons et supports offerts par Solidxperts.","robots":{"index":"noindex","follow":"nofollow"},"og_locale":"fr_FR","og_type":"article","og_title":"Politique de Mise en Oeuvre - Solidxperts","og_description":"Consultez notre politique de service pour tout savoir sur les commandes, livraisons et supports offerts par Solidxperts.","og_url":"https:\/\/www.solidxperts.com\/fr\/politique-de-mise-en-oeuvre\/","og_site_name":"Solidxperts","article_publisher":"https:\/\/www.facebook.com\/solidxperts","article_modified_time":"2026-03-13T14:10:17+00:00","og_image":[{"width":2560,"height":1707,"url":"https:\/\/www.solidxperts.com\/wp-content\/uploads\/2022\/03\/brooke-cagle-WHWYBmtn3_0-unsplash-scaled.jpg","type":"image\/jpeg"}],"twitter_card":"summary_large_image","twitter_site":"@solidxperts","twitter_misc":{"Est. reading time":"5 minutes"},"schema":{"@context":"https:\/\/schema.org","@graph":[{"@type":"WebPage","@id":"https:\/\/www.solidxperts.com\/fr\/politique-de-mise-en-oeuvre\/","url":"https:\/\/www.solidxperts.com\/fr\/politique-de-mise-en-oeuvre\/","name":"Politique de Mise en Oeuvre - Solidxperts","isPartOf":{"@id":"https:\/\/www.solidxperts.com\/fr\/#website"},"primaryImageOfPage":{"@id":"https:\/\/www.solidxperts.com\/fr\/politique-de-mise-en-oeuvre\/#primaryimage"},"image":{"@id":"https:\/\/www.solidxperts.com\/fr\/politique-de-mise-en-oeuvre\/#primaryimage"},"thumbnailUrl":"https:\/\/www.solidxperts.com\/wp-content\/uploads\/2022\/03\/brooke-cagle-WHWYBmtn3_0-unsplash-scaled.jpg","datePublished":"2024-01-10T14:54:25+00:00","dateModified":"2026-03-13T14:10:17+00:00","description":"Consultez notre politique de service pour tout savoir sur les commandes, livraisons et supports offerts par Solidxperts.","breadcrumb":{"@id":"https:\/\/www.solidxperts.com\/fr\/politique-de-mise-en-oeuvre\/#breadcrumb"},"inLanguage":"fr-FR","potentialAction":[{"@type":"ReadAction","target":["https:\/\/www.solidxperts.com\/fr\/politique-de-mise-en-oeuvre\/"]}]},{"@type":"ImageObject","inLanguage":"fr-FR","@id":"https:\/\/www.solidxperts.com\/fr\/politique-de-mise-en-oeuvre\/#primaryimage","url":"https:\/\/www.solidxperts.com\/wp-content\/uploads\/2022\/03\/brooke-cagle-WHWYBmtn3_0-unsplash-scaled.jpg","contentUrl":"https:\/\/www.solidxperts.com\/wp-content\/uploads\/2022\/03\/brooke-cagle-WHWYBmtn3_0-unsplash-scaled.jpg","width":2560,"height":1707},{"@type":"BreadcrumbList","@id":"https:\/\/www.solidxperts.com\/fr\/politique-de-mise-en-oeuvre\/#breadcrumb","itemListElement":[{"@type":"ListItem","position":1,"name":"Home","item":"https:\/\/www.solidxperts.com\/fr\/"},{"@type":"ListItem","position":2,"name":"Politique de Mise en Oeuvre"}]},{"@type":"WebSite","@id":"https:\/\/www.solidxperts.com\/fr\/#website","url":"https:\/\/www.solidxperts.com\/fr\/","name":"Solidxperts","description":"SolidXperts | 3D Software &amp; Printing Solutions","publisher":{"@id":"https:\/\/www.solidxperts.com\/fr\/#organization"},"potentialAction":[{"@type":"SearchAction","target":{"@type":"EntryPoint","urlTemplate":"https:\/\/www.solidxperts.com\/fr\/?s={search_term_string}"},"query-input":{"@type":"PropertyValueSpecification","valueRequired":true,"valueName":"search_term_string"}}],"inLanguage":"fr-FR"},{"@type":"Organization","@id":"https:\/\/www.solidxperts.com\/fr\/#organization","name":"SolidXperts","url":"https:\/\/www.solidxperts.com\/fr\/","logo":{"@type":"ImageObject","inLanguage":"fr-FR","@id":"https:\/\/www.solidxperts.com\/fr\/#\/schema\/logo\/image\/","url":"","contentUrl":"","caption":"SolidXperts"},"image":{"@id":"https:\/\/www.solidxperts.com\/fr\/#\/schema\/logo\/image\/"},"sameAs":["https:\/\/www.facebook.com\/solidxperts","https:\/\/x.com\/solidxperts","https:\/\/www.linkedin.com\/company\/solidxperts\/"]}]}},"_links":{"self":[{"href":"https:\/\/www.solidxperts.com\/fr\/wp-json\/wp\/v2\/pages\/262236","targetHints":{"allow":["GET"]}}],"collection":[{"href":"https:\/\/www.solidxperts.com\/fr\/wp-json\/wp\/v2\/pages"}],"about":[{"href":"https:\/\/www.solidxperts.com\/fr\/wp-json\/wp\/v2\/types\/page"}],"author":[{"embeddable":true,"href":"https:\/\/www.solidxperts.com\/fr\/wp-json\/wp\/v2\/users\/9"}],"replies":[{"embeddable":true,"href":"https:\/\/www.solidxperts.com\/fr\/wp-json\/wp\/v2\/comments?post=262236"}],"version-history":[{"count":11,"href":"https:\/\/www.solidxperts.com\/fr\/wp-json\/wp\/v2\/pages\/262236\/revisions"}],"predecessor-version":[{"id":272441,"href":"https:\/\/www.solidxperts.com\/fr\/wp-json\/wp\/v2\/pages\/262236\/revisions\/272441"}],"wp:featuredmedia":[{"embeddable":true,"href":"https:\/\/www.solidxperts.com\/fr\/wp-json\/wp\/v2\/media\/8302"}],"wp:attachment":[{"href":"https:\/\/www.solidxperts.com\/fr\/wp-json\/wp\/v2\/media?parent=262236"}],"curies":[{"name":"wp","href":"https:\/\/api.w.org\/{rel}","templated":true}]}}