{"id":265549,"date":"2024-10-15T15:16:14","date_gmt":"2024-10-15T19:16:14","guid":{"rendered":"https:\/\/www.solidxperts.com\/contact-us\/"},"modified":"2025-12-24T10:42:43","modified_gmt":"2025-12-24T15:42:43","slug":"contactez-nous","status":"publish","type":"page","link":"https:\/\/www.solidxperts.com\/fr\/contactez-nous\/","title":{"rendered":"Contactez Nous"},"content":{"rendered":"<p>[vc_section el_id=\u00a0\u00bbrequest\u00a0\u00bb el_class=\u00a0\u00bbsection-contact\u00a0\u00bb][vc_row full_width=\u00a0\u00bbstretch_row_content_no_spaces\u00a0\u00bb content_placement=\u00a0\u00bbmiddle\u00a0\u00bb el_class=\u00a0\u00bbpd-form\u00a0\u00bb][vc_column el_class=\u00a0\u00bbhideme contact-us-block\u00a0\u00bb][vc_column_text el_class=\u00a0\u00bbtitle-contact-us\u00a0\u00bb el_id=\u00a0\u00bbform_title_hide\u00a0\u00bb]<\/p>\n<h1>Contactez-nous<\/h1>\n<p>[\/vc_column_text][vc_column_text el_class=\u00a0\u00bbtitle\u00a0\u00bb el_id=\u00a0\u00bbmessage_show\u00a0\u00bb]<\/p>\n<h3 style=\"text-align: center;\">Votre demande a \u00e9t\u00e9 envoy\u00e9e !<\/h3>\n<p>[\/vc_column_text][vc_column_text el_class=\u00a0\u00bbcontact-logo\u00a0\u00bb el_id=\u00a0\u00bbform_logo_hide\u00a0\u00bb]<img decoding=\"async\" class=\"wp-image-265151 alignleft\" src=\"https:\/\/www.solidxperts.com\/wp-content\/uploads\/2024\/10\/X_green_halo.svg\" alt=\"X_green_halo\" width=\"50\" height=\"50\" \/>[\/vc_column_text][vc_row_inner el_class=\u00a0\u00bbform-block\u00a0\u00bb][vc_column_inner el_class=\u00a0\u00bbform-block-inner\u00a0\u00bb][vc_column_text]\n<div class=\"wpcf7 no-js\" id=\"wpcf7-f3444-o1\" lang=\"en-US\" dir=\"ltr\" data-wpcf7-id=\"3444\">\n<div class=\"screen-reader-response\"><p role=\"status\" aria-live=\"polite\" aria-atomic=\"true\"><\/p> <ul><\/ul><\/div>\n<form action=\"\/fr\/wp-json\/wp\/v2\/pages\/265549\/#wpcf7-f3444-o1\" method=\"post\" class=\"wpcf7-form init Contact Us Page - FR\" aria-label=\"Contact form\" novalidate=\"novalidate\" data-status=\"init\">\n<div style=\"display: none;\">\n<input type=\"hidden\" name=\"_wpcf7\" value=\"3444\" \/>\n<input type=\"hidden\" name=\"_wpcf7_version\" value=\"6.0.6\" \/>\n<input type=\"hidden\" name=\"_wpcf7_locale\" value=\"en_US\" \/>\n<input type=\"hidden\" name=\"_wpcf7_unit_tag\" value=\"wpcf7-f3444-o1\" \/>\n<input type=\"hidden\" name=\"_wpcf7_container_post\" value=\"0\" \/>\n<input type=\"hidden\" name=\"_wpcf7_posted_data_hash\" value=\"\" \/>\n<input type=\"hidden\" name=\"_wpcf7dtx_version\" value=\"5.0.3\" \/>\n<input type=\"hidden\" name=\"_wpcf7_recaptcha_response\" value=\"\" \/>\n<\/div>\n<div class=\"p-cont-firstname\">\n\t<p><span class=\"wpcf7-form-control-wrap\" data-name=\"firstname\"><input size=\"40\" maxlength=\"400\" class=\"wpcf7-form-control wpcf7-text wpcf7-validates-as-required\" aria-required=\"true\" aria-invalid=\"false\" value=\"\" type=\"text\" name=\"firstname\" \/><\/span><label>Pr\u00e9nom*<\/label>\n\t<\/p>\n<\/div>\n<div class=\"p-cont-lastname\">\n\t<p><span class=\"wpcf7-form-control-wrap\" data-name=\"lastname\"><input size=\"40\" maxlength=\"400\" class=\"wpcf7-form-control wpcf7-text wpcf7-validates-as-required\" aria-required=\"true\" aria-invalid=\"false\" value=\"\" type=\"text\" name=\"lastname\" \/><\/span><label>Nom*<\/label>\n\t<\/p>\n<\/div>\n<div class=\"p-cont-tel\">\n\t<p><span class=\"wpcf7-form-control-wrap\" data-name=\"t\"><input size=\"40\" maxlength=\"400\" class=\"wpcf7-form-control wpcf7-text wpcf7-validates-as-required\" aria-required=\"true\" aria-invalid=\"false\" value=\"\" type=\"text\" name=\"t\" \/><\/span><label>Titre du poste*<\/label>\n\t<\/p>\n<\/div>\n<div class=\"p-cont-email\">\n\t<p><span class=\"wpcf7-form-control-wrap\" data-name=\"email\"><input size=\"40\" maxlength=\"400\" class=\"wpcf7-form-control wpcf7-email wpcf7-validates-as-required wpcf7-text wpcf7-validates-as-email\" aria-required=\"true\" aria-invalid=\"false\" value=\"\" type=\"email\" name=\"email\" \/><\/span><label>Courriel*<\/label>\n\t<\/p>\n<\/div>\n<div class=\"p-cont-tel\">\n\t<p><span class=\"wpcf7-form-control-wrap\" data-name=\"tel\"><input size=\"40\" maxlength=\"400\" class=\"wpcf7-form-control wpcf7-tel wpcf7-validates-as-required wpcf7-text wpcf7-validates-as-tel\" aria-required=\"true\" aria-invalid=\"false\" value=\"\" type=\"tel\" name=\"tel\" \/><\/span><label>T\u00e9l\u00e9phone*<\/label>\n\t<\/p>\n<\/div>\n<div class=\"p-cont-tel\">\n\t<p><span class=\"wpcf7-form-control-wrap\" data-name=\"zip\"><input size=\"40\" maxlength=\"400\" class=\"wpcf7-form-control wpcf7-text wpcf7-validates-as-required\" aria-required=\"true\" aria-invalid=\"false\" value=\"\" type=\"text\" name=\"zip\" \/><\/span><label>Code postal*<\/label>\n\t<\/p>\n<\/div>\n<div class=\"p-cont-tel\">\n\t<p><span class=\"wpcf7-form-control-wrap\" data-name=\"company\"><input size=\"40\" maxlength=\"400\" class=\"wpcf7-form-control wpcf7-text wpcf7-validates-as-required\" aria-required=\"true\" aria-invalid=\"false\" value=\"\" type=\"text\" name=\"company\" \/><\/span><label>Entreprise*<\/label>\n\t<\/p>\n<\/div>\n<div class=\"p-cont-message\">\n\t<p><span class=\"wpcf7-form-control-wrap\" data-name=\"message\"><textarea cols=\"40\" rows=\"10\" maxlength=\"2000\" class=\"wpcf7-form-control wpcf7-textarea wpcf7-validates-as-required\" aria-required=\"true\" aria-invalid=\"false\" name=\"message\"><\/textarea><\/span><label>Message*<\/label>\n\t<\/p>\n<\/div>\n<div class=\"p-cont-consent\">\n\t<p><span class=\"label\">Je consens \u00e0 recevoir des communications \u00e9lectroniques de Solidxperts Inc. Vous pouvez vous d\u00e9sabonner \u00e0 tout moment.<\/span>\n\t<\/p>\n<\/div>\n<span class=\"wpcf7-form-control-wrap recaptcha\" data-name=\"recaptcha\"><span data-sitekey=\"6LdIveArAAAAAE7PCpluzMvxgUaTNAkhdDGgEM_1\" class=\"wpcf7-form-control wpcf7-recaptcha g-recaptcha\"><\/span>\r\n<noscript>\r\n\t<div class=\"grecaptcha-noscript\">\r\n\t\t<iframe src=\"https:\/\/www.google.com\/recaptcha\/api\/fallback?k=6LdIveArAAAAAE7PCpluzMvxgUaTNAkhdDGgEM_1\" frameborder=\"0\" scrolling=\"no\" width=\"310\" height=\"430\">\r\n\t\t<\/iframe>\r\n\t\t<textarea name=\"g-recaptcha-response\" rows=\"3\" cols=\"40\" placeholder=\"reCaptcha Response Here\">\r\n\t\t<\/textarea>\r\n\t<\/div>\r\n<\/noscript>\r\n<\/span>\n<div class=\"p-cont-submit\">\n\t<p><input class=\"wpcf7-form-control wpcf7-submit has-spinner\" type=\"submit\" value=\"Envoyer ma demande\" \/><span class=\"arrow\"><\/span>\n\t<\/p>\n<\/div>\n<input class=\"wpcf7-form-control wpcf7-hidden\" value=\"\" type=\"hidden\" name=\"utm_source\" \/>\n<input class=\"wpcf7-form-control wpcf7-hidden\" value=\"\" type=\"hidden\" name=\"utm_term\" \/>\n<input class=\"wpcf7-form-control wpcf7-hidden\" value=\"\" type=\"hidden\" name=\"utm_campaign\" \/>\n<input class=\"wpcf7-form-control wpcf7-hidden\" value=\"\" type=\"hidden\" name=\"utm_content\" \/>\n<input class=\"wpcf7-form-control wpcf7-hidden\" value=\"\" type=\"hidden\" name=\"utm_medium\" \/>\n<p><script type=\"text\/javascript\">\ndocument.addEventListener('wpcf7mailsent', function(event) {\n jQuery(\".wpcf7-form.sent\").hide();\n\n var messageDiv = document.getElementById(\"message_show\");\n if (messageDiv) {\n messageDiv.style.display = 'block';\n }\n\n var formTitle = document.getElementById(\"form_title_hide\");\n if (formTitle) formTitle.style.display = 'none';\n\n var formLogo = document.getElementById(\"form_logo_hide\");\n if (formLogo) formLogo.style.display = 'none';\n\n document.querySelectorAll(\".recaptcha, .g-recaptcha, .rc-anchor-light.rc-anchor-normal\")\n .forEach(function(el) {\n el.style.display = 'none';\n });\n\n document.body.scrollTop = 0;\n document.documentElement.scrollTop = 0;\n}, false);\n<\/script>\n<\/p><input type='hidden' class='wpcf7-pum' value='{\"closepopup\":false,\"closedelay\":0,\"openpopup\":false,\"openpopup_id\":0}' \/><div class=\"wpcf7-response-output\" aria-hidden=\"true\"><\/div>\n<\/form>\n<\/div>\n[\/vc_column_text][\/vc_column_inner][\/vc_row_inner][\/vc_column][\/vc_row][\/vc_section]<\/p>\n","protected":false},"excerpt":{"rendered":"<p>[vc_section el_id=\u00a0\u00bbrequest\u00a0\u00bb el_class=\u00a0\u00bbsection-contact\u00a0\u00bb][vc_row full_width=\u00a0\u00bbstretch_row_content_no_spaces\u00a0\u00bb content_placement=\u00a0\u00bbmiddle\u00a0\u00bb el_class=\u00a0\u00bbpd-form\u00a0\u00bb][vc_column el_class=\u00a0\u00bbhideme contact-us-block\u00a0\u00bb][vc_column_text el_class=\u00a0\u00bbtitle-contact-us\u00a0\u00bb el_id=\u00a0\u00bbform_title_hide\u00a0\u00bb] Contactez-nous [\/vc_column_text][vc_column_text el_class=\u00a0\u00bbtitle\u00a0\u00bb el_id=\u00a0\u00bbmessage_show\u00a0\u00bb] Votre demande a \u00e9t\u00e9 envoy\u00e9e ! [\/vc_column_text][vc_column_text el_class=\u00a0\u00bbcontact-logo\u00a0\u00bb el_id=\u00a0\u00bbform_logo_hide\u00a0\u00bb][\/vc_column_text][vc_row_inner el_class=\u00a0\u00bbform-block\u00a0\u00bb][vc_column_inner el_class=\u00a0\u00bbform-block-inner\u00a0\u00bb][vc_column_text][\/vc_column_text][\/vc_column_inner][\/vc_row_inner][\/vc_column][\/vc_row][\/vc_section]<\/p>\n","protected":false},"author":9,"featured_media":9151,"parent":0,"menu_order":0,"comment_status":"closed","ping_status":"closed","template":"template-parts\/temp-contact.php","meta":{"content-type":"","footnotes":""},"class_list":["post-265549","page","type-page","status-publish","has-post-thumbnail","hentry"],"yoast_head":"<!-- This site is optimized with the Yoast SEO plugin v27.0 - https:\/\/yoast.com\/product\/yoast-seo-wordpress\/ -->\n<title>Contactez Nous - Solidxperts Qu\u00e9bec<\/title>\n<meta name=\"description\" content=\"Besoin d\u2019infos\u202f? Contactez-nous pour un support expert et des solutions adapt\u00e9es \u00e0 vos besoins en design et ing\u00e9nierie.\" \/>\n<meta name=\"robots\" content=\"index, follow, max-snippet:-1, max-image-preview:large, max-video-preview:-1\" \/>\n<link rel=\"canonical\" href=\"https:\/\/www.solidxperts.com\/fr\/contactez-nous\/\" \/>\n<meta property=\"og:locale\" content=\"fr_FR\" \/>\n<meta property=\"og:type\" content=\"article\" \/>\n<meta property=\"og:title\" content=\"Contactez Nous - Solidxperts Qu\u00e9bec\" \/>\n<meta property=\"og:description\" content=\"Besoin d\u2019infos\u202f? Contactez-nous pour un support expert et des solutions adapt\u00e9es \u00e0 vos besoins en design et ing\u00e9nierie.\" \/>\n<meta property=\"og:url\" content=\"https:\/\/www.solidxperts.com\/fr\/contactez-nous\/\" \/>\n<meta property=\"og:site_name\" content=\"Solidxperts\" \/>\n<meta property=\"article:publisher\" content=\"https:\/\/www.facebook.com\/solidxperts\" \/>\n<meta property=\"article:modified_time\" content=\"2025-12-24T15:42:43+00:00\" \/>\n<meta property=\"og:image\" content=\"https:\/\/www.solidxperts.com\/wp-content\/uploads\/2022\/05\/delmia-manufacturing.jpg\" \/>\n\t<meta property=\"og:image:width\" content=\"712\" \/>\n\t<meta property=\"og:image:height\" content=\"402\" \/>\n\t<meta property=\"og:image:type\" content=\"image\/jpeg\" \/>\n<meta name=\"twitter:card\" content=\"summary_large_image\" \/>\n<meta name=\"twitter:site\" content=\"@solidxperts\" \/>\n<meta name=\"twitter:label1\" content=\"Est. reading time\" \/>\n\t<meta name=\"twitter:data1\" content=\"1 minute\" \/>\n<script type=\"application\/ld+json\" class=\"yoast-schema-graph\">{\"@context\":\"https:\/\/schema.org\",\"@graph\":[{\"@type\":\"WebPage\",\"@id\":\"https:\/\/www.solidxperts.com\/fr\/contactez-nous\/\",\"url\":\"https:\/\/www.solidxperts.com\/fr\/contactez-nous\/\",\"name\":\"Contactez Nous - Solidxperts Qu\u00e9bec\",\"isPartOf\":{\"@id\":\"https:\/\/www.solidxperts.com\/fr\/#website\"},\"primaryImageOfPage\":{\"@id\":\"https:\/\/www.solidxperts.com\/fr\/contactez-nous\/#primaryimage\"},\"image\":{\"@id\":\"https:\/\/www.solidxperts.com\/fr\/contactez-nous\/#primaryimage\"},\"thumbnailUrl\":\"https:\/\/www.solidxperts.com\/wp-content\/uploads\/2022\/05\/delmia-manufacturing.jpg\",\"datePublished\":\"2024-10-15T19:16:14+00:00\",\"dateModified\":\"2025-12-24T15:42:43+00:00\",\"description\":\"Besoin d\u2019infos\u202f? Contactez-nous pour un support expert et des solutions adapt\u00e9es \u00e0 vos besoins en design et ing\u00e9nierie.\",\"breadcrumb\":{\"@id\":\"https:\/\/www.solidxperts.com\/fr\/contactez-nous\/#breadcrumb\"},\"inLanguage\":\"fr-FR\",\"potentialAction\":[{\"@type\":\"ReadAction\",\"target\":[\"https:\/\/www.solidxperts.com\/fr\/contactez-nous\/\"]}]},{\"@type\":\"ImageObject\",\"inLanguage\":\"fr-FR\",\"@id\":\"https:\/\/www.solidxperts.com\/fr\/contactez-nous\/#primaryimage\",\"url\":\"https:\/\/www.solidxperts.com\/wp-content\/uploads\/2022\/05\/delmia-manufacturing.jpg\",\"contentUrl\":\"https:\/\/www.solidxperts.com\/wp-content\/uploads\/2022\/05\/delmia-manufacturing.jpg\",\"width\":712,\"height\":402,\"caption\":\"3dx\"},{\"@type\":\"BreadcrumbList\",\"@id\":\"https:\/\/www.solidxperts.com\/fr\/contactez-nous\/#breadcrumb\",\"itemListElement\":[{\"@type\":\"ListItem\",\"position\":1,\"name\":\"Home\",\"item\":\"https:\/\/www.solidxperts.com\/fr\/\"},{\"@type\":\"ListItem\",\"position\":2,\"name\":\"Contactez Nous\"}]},{\"@type\":\"WebSite\",\"@id\":\"https:\/\/www.solidxperts.com\/fr\/#website\",\"url\":\"https:\/\/www.solidxperts.com\/fr\/\",\"name\":\"Solidxperts\",\"description\":\"SolidXperts | 3D Software &amp; Printing Solutions\",\"publisher\":{\"@id\":\"https:\/\/www.solidxperts.com\/fr\/#organization\"},\"potentialAction\":[{\"@type\":\"SearchAction\",\"target\":{\"@type\":\"EntryPoint\",\"urlTemplate\":\"https:\/\/www.solidxperts.com\/fr\/?s={search_term_string}\"},\"query-input\":{\"@type\":\"PropertyValueSpecification\",\"valueRequired\":true,\"valueName\":\"search_term_string\"}}],\"inLanguage\":\"fr-FR\"},{\"@type\":\"Organization\",\"@id\":\"https:\/\/www.solidxperts.com\/fr\/#organization\",\"name\":\"SolidXperts\",\"url\":\"https:\/\/www.solidxperts.com\/fr\/\",\"logo\":{\"@type\":\"ImageObject\",\"inLanguage\":\"fr-FR\",\"@id\":\"https:\/\/www.solidxperts.com\/fr\/#\/schema\/logo\/image\/\",\"url\":\"\",\"contentUrl\":\"\",\"caption\":\"SolidXperts\"},\"image\":{\"@id\":\"https:\/\/www.solidxperts.com\/fr\/#\/schema\/logo\/image\/\"},\"sameAs\":[\"https:\/\/www.facebook.com\/solidxperts\",\"https:\/\/x.com\/solidxperts\",\"https:\/\/www.linkedin.com\/company\/solidxperts\/\"]}]}<\/script>\n<!-- \/ Yoast SEO plugin. -->","yoast_head_json":{"title":"Contactez Nous - Solidxperts Qu\u00e9bec","description":"Besoin d\u2019infos\u202f? Contactez-nous pour un support expert et des solutions adapt\u00e9es \u00e0 vos besoins en design et ing\u00e9nierie.","robots":{"index":"index","follow":"follow","max-snippet":"max-snippet:-1","max-image-preview":"max-image-preview:large","max-video-preview":"max-video-preview:-1"},"canonical":"https:\/\/www.solidxperts.com\/fr\/contactez-nous\/","og_locale":"fr_FR","og_type":"article","og_title":"Contactez Nous - Solidxperts Qu\u00e9bec","og_description":"Besoin d\u2019infos\u202f? Contactez-nous pour un support expert et des solutions adapt\u00e9es \u00e0 vos besoins en design et ing\u00e9nierie.","og_url":"https:\/\/www.solidxperts.com\/fr\/contactez-nous\/","og_site_name":"Solidxperts","article_publisher":"https:\/\/www.facebook.com\/solidxperts","article_modified_time":"2025-12-24T15:42:43+00:00","og_image":[{"width":712,"height":402,"url":"https:\/\/www.solidxperts.com\/wp-content\/uploads\/2022\/05\/delmia-manufacturing.jpg","type":"image\/jpeg"}],"twitter_card":"summary_large_image","twitter_site":"@solidxperts","twitter_misc":{"Est. reading time":"1 minute"},"schema":{"@context":"https:\/\/schema.org","@graph":[{"@type":"WebPage","@id":"https:\/\/www.solidxperts.com\/fr\/contactez-nous\/","url":"https:\/\/www.solidxperts.com\/fr\/contactez-nous\/","name":"Contactez Nous - Solidxperts Qu\u00e9bec","isPartOf":{"@id":"https:\/\/www.solidxperts.com\/fr\/#website"},"primaryImageOfPage":{"@id":"https:\/\/www.solidxperts.com\/fr\/contactez-nous\/#primaryimage"},"image":{"@id":"https:\/\/www.solidxperts.com\/fr\/contactez-nous\/#primaryimage"},"thumbnailUrl":"https:\/\/www.solidxperts.com\/wp-content\/uploads\/2022\/05\/delmia-manufacturing.jpg","datePublished":"2024-10-15T19:16:14+00:00","dateModified":"2025-12-24T15:42:43+00:00","description":"Besoin d\u2019infos\u202f? Contactez-nous pour un support expert et des solutions adapt\u00e9es \u00e0 vos besoins en design et ing\u00e9nierie.","breadcrumb":{"@id":"https:\/\/www.solidxperts.com\/fr\/contactez-nous\/#breadcrumb"},"inLanguage":"fr-FR","potentialAction":[{"@type":"ReadAction","target":["https:\/\/www.solidxperts.com\/fr\/contactez-nous\/"]}]},{"@type":"ImageObject","inLanguage":"fr-FR","@id":"https:\/\/www.solidxperts.com\/fr\/contactez-nous\/#primaryimage","url":"https:\/\/www.solidxperts.com\/wp-content\/uploads\/2022\/05\/delmia-manufacturing.jpg","contentUrl":"https:\/\/www.solidxperts.com\/wp-content\/uploads\/2022\/05\/delmia-manufacturing.jpg","width":712,"height":402,"caption":"3dx"},{"@type":"BreadcrumbList","@id":"https:\/\/www.solidxperts.com\/fr\/contactez-nous\/#breadcrumb","itemListElement":[{"@type":"ListItem","position":1,"name":"Home","item":"https:\/\/www.solidxperts.com\/fr\/"},{"@type":"ListItem","position":2,"name":"Contactez Nous"}]},{"@type":"WebSite","@id":"https:\/\/www.solidxperts.com\/fr\/#website","url":"https:\/\/www.solidxperts.com\/fr\/","name":"Solidxperts","description":"SolidXperts | 3D Software &amp; Printing Solutions","publisher":{"@id":"https:\/\/www.solidxperts.com\/fr\/#organization"},"potentialAction":[{"@type":"SearchAction","target":{"@type":"EntryPoint","urlTemplate":"https:\/\/www.solidxperts.com\/fr\/?s={search_term_string}"},"query-input":{"@type":"PropertyValueSpecification","valueRequired":true,"valueName":"search_term_string"}}],"inLanguage":"fr-FR"},{"@type":"Organization","@id":"https:\/\/www.solidxperts.com\/fr\/#organization","name":"SolidXperts","url":"https:\/\/www.solidxperts.com\/fr\/","logo":{"@type":"ImageObject","inLanguage":"fr-FR","@id":"https:\/\/www.solidxperts.com\/fr\/#\/schema\/logo\/image\/","url":"","contentUrl":"","caption":"SolidXperts"},"image":{"@id":"https:\/\/www.solidxperts.com\/fr\/#\/schema\/logo\/image\/"},"sameAs":["https:\/\/www.facebook.com\/solidxperts","https:\/\/x.com\/solidxperts","https:\/\/www.linkedin.com\/company\/solidxperts\/"]}]}},"_links":{"self":[{"href":"https:\/\/www.solidxperts.com\/fr\/wp-json\/wp\/v2\/pages\/265549","targetHints":{"allow":["GET"]}}],"collection":[{"href":"https:\/\/www.solidxperts.com\/fr\/wp-json\/wp\/v2\/pages"}],"about":[{"href":"https:\/\/www.solidxperts.com\/fr\/wp-json\/wp\/v2\/types\/page"}],"author":[{"embeddable":true,"href":"https:\/\/www.solidxperts.com\/fr\/wp-json\/wp\/v2\/users\/9"}],"replies":[{"embeddable":true,"href":"https:\/\/www.solidxperts.com\/fr\/wp-json\/wp\/v2\/comments?post=265549"}],"version-history":[{"count":6,"href":"https:\/\/www.solidxperts.com\/fr\/wp-json\/wp\/v2\/pages\/265549\/revisions"}],"predecessor-version":[{"id":268332,"href":"https:\/\/www.solidxperts.com\/fr\/wp-json\/wp\/v2\/pages\/265549\/revisions\/268332"}],"wp:featuredmedia":[{"embeddable":true,"href":"https:\/\/www.solidxperts.com\/fr\/wp-json\/wp\/v2\/media\/9151"}],"wp:attachment":[{"href":"https:\/\/www.solidxperts.com\/fr\/wp-json\/wp\/v2\/media?parent=265549"}],"curies":[{"name":"wp","href":"https:\/\/api.w.org\/{rel}","templated":true}]}}